{"id":186,"date":"2022-12-07T14:14:39","date_gmt":"2022-12-07T13:14:39","guid":{"rendered":"https:\/\/dollstein.ch\/?post_type=product&#038;p=186"},"modified":"2025-12-03T11:40:09","modified_gmt":"2025-12-03T10:40:09","slug":"kuksa-2-holes-large","status":"publish","type":"product","link":"https:\/\/dollstein.ch\/de\/produkt\/kuksa-2-holes-large\/","title":{"rendered":"Kuksa mit 2 L\u00f6chern, gross"},"content":{"rendered":"<p>Grosse Kuksa mit 2 L\u00f6chern f\u00fcr besseren Halt in der Hand<\/p>\n<p>Trinkvolumen: 180 ml<\/p>\n<p>H\u00f6he: 6cm<\/p>\n<p>Gewicht: 145 gr<\/p>","protected":false},"excerpt":{"rendered":"<p>Grosse Kuksa mit 2 L\u00f6chern f\u00fcr besseren Halt in der Hand<\/p>","protected":false},"featured_media":240,"comment_status":"open","ping_status":"closed","template":"","meta":{"_crdt_document":""},"product_brand":[],"product_cat":[25],"product_tag":[27,24],"class_list":{"0":"post-186","1":"product","2":"type-product","3":"status-publish","4":"has-post-thumbnail","6":"product_cat-kuksa","7":"product_tag-cups","8":"product_tag-kuksa","10":"first","11":"instock","12":"taxable","13":"shipping-taxable","14":"purchasable","15":"product-type-simple"},"_links":{"self":[{"href":"https:\/\/dollstein.ch\/de\/wp-json\/wp\/v2\/product\/186","targetHints":{"allow":["GET"]}}],"collection":[{"href":"https:\/\/dollstein.ch\/de\/wp-json\/wp\/v2\/product"}],"about":[{"href":"https:\/\/dollstein.ch\/de\/wp-json\/wp\/v2\/types\/product"}],"replies":[{"embeddable":true,"href":"https:\/\/dollstein.ch\/de\/wp-json\/wp\/v2\/comments?post=186"}],"wp:featuredmedia":[{"embeddable":true,"href":"https:\/\/dollstein.ch\/de\/wp-json\/wp\/v2\/media\/240"}],"wp:attachment":[{"href":"https:\/\/dollstein.ch\/de\/wp-json\/wp\/v2\/media?parent=186"}],"wp:term":[{"taxonomy":"product_brand","embeddable":true,"href":"https:\/\/dollstein.ch\/de\/wp-json\/wp\/v2\/product_brand?post=186"},{"taxonomy":"product_cat","embeddable":true,"href":"https:\/\/dollstein.ch\/de\/wp-json\/wp\/v2\/product_cat?post=186"},{"taxonomy":"product_tag","embeddable":true,"href":"https:\/\/dollstein.ch\/de\/wp-json\/wp\/v2\/product_tag?post=186"}],"curies":[{"name":"wp","href":"https:\/\/api.w.org\/{rel}","templated":true}]}}