{"id":113,"date":"2022-11-27T15:37:56","date_gmt":"2022-11-27T14:37:56","guid":{"rendered":"https:\/\/dollstein.ch\/?page_id=113"},"modified":"2023-12-12T16:12:58","modified_gmt":"2023-12-12T15:12:58","slug":"kuksa","status":"publish","type":"page","link":"https:\/\/dollstein.ch\/de\/kuksa\/","title":{"rendered":"Kuksa"},"content":{"rendered":"<figure class=\"wp-block-image\" id=\"block-e55aea5c-532d-478d-84c6-b30531ea2dc0\"><img decoding=\"async\" src=\"https:\/\/dollstein.ch\/wp-content\/uploads\/2021\/12\/Kuksa-2-hole-7-1024x683.jpg\" alt=\"This image has an empty alt attribute; its file name is Kuksa-2-hole-7-1024x683.jpg\"\/><\/figure>\n\n\n\n<div style=\"height:25px\" aria-hidden=\"true\" class=\"wp-block-spacer\"><\/div>\n\n\n\n<p class=\"wp-block-paragraph\" id=\"block-95275214-f9cd-45ef-917b-3e77b24e535a\">Die Kuksa ist ein aus Birkenmaserholz geschnitzter Trinkbecher, wobei jeder Becher sein eigenes, einzigartiges Holzmuster hat. Sie werden traditionell vom samischen Volk Nordskandinaviens hergestellt. In der samischen Sprache werden sie Guksi genannt, auf Finnisch bzw. Schwedisch sind sie als Kuksa oder K\u00e5sa bekannt.<\/p>\n\n\n\n<p class=\"wp-block-paragraph\">Eine Kuksa ist nicht nur einzigartig und sieht sch\u00f6n aus, sie ist auch praktisch und multifunktional. Man kann sie nicht nur zum Trinken benutzen, sondern zum Beispiel auch zum Essen oder als Sammelbecher beim Beerenpfl\u00fccken.<\/p>\n\n\n\n<p class=\"wp-block-paragraph\" id=\"block-86307f75-f4c9-4a84-984d-957e1443910e\">Eine Kuksa ist der perfekte, zuverl\u00e4ssige und langlebige Begleiter auf Ihren Camping- und Outdoor-Ausfl\u00fcgen, Ihren Reisen oder einfach zu Hause. Sie ist auch ein sch\u00f6nes, bedeutungsvolles und einzigartiges Geschenk f\u00fcr Familie und enge Freunde.<\/p>\n\n\n\n<figure class=\"wp-block-image size-large\"><img loading=\"lazy\" decoding=\"async\" width=\"1024\" height=\"768\" src=\"https:\/\/dollstein.ch\/wp-content\/uploads\/2022\/11\/IMG-20221118-WA0083.jpg\" alt=\"\" class=\"wp-image-178\" srcset=\"https:\/\/dollstein.ch\/wp-content\/uploads\/2022\/11\/IMG-20221118-WA0083.jpg 1024w, https:\/\/dollstein.ch\/wp-content\/uploads\/2022\/11\/IMG-20221118-WA0083-350x263.jpg 350w, https:\/\/dollstein.ch\/wp-content\/uploads\/2022\/11\/IMG-20221118-WA0083-300x225.jpg 300w, https:\/\/dollstein.ch\/wp-content\/uploads\/2022\/11\/IMG-20221118-WA0083-768x576.jpg 768w\" sizes=\"auto, (max-width: 767px) 89vw, (max-width: 1000px) 54vw, (max-width: 1071px) 543px, 580px\" \/><\/figure>\n\n\n\n<p class=\"wp-block-paragraph\" id=\"block-866ceef2-14bc-4129-b303-98751c696ed7\">Unsere Kuksas werden in Nordfinnland hergestellt und sind wundersch\u00f6ne St\u00fccke traditioneller Handwerkskunst. Die Kuksa ist ein reines Naturprodukt und ist:<\/p>\n\n\n\n<ul class=\"wp-block-list\">\n<li>Einzigartig, jede Kuksa hat ihre eigene Maserung (Holzmuster)<\/li>\n\n\n\n<li>Praktisch<\/li>\n\n\n\n<li>Multifunktionell<\/li>\n\n\n\n<li>Nachhaltig<\/li>\n\n\n\n<li>Robust<\/li>\n\n\n\n<li>Langlebig<\/li>\n\n\n\n<li>Isoliert sehr gut und h\u00e4lt Ihr Getr\u00e4nk lange warm<\/li>\n\n\n\n<li>Liegt gut in der Hand<\/li>\n\n\n\n<li>Sieht wundersch\u00f6n aus<\/li>\n<\/ul>\n\n\n\n<p class=\"wp-block-paragraph\" id=\"block-600fa67c-b5fd-4cd5-9cbd-1024ebfe6c57\"><a href=\"https:\/\/dollstein.ch\/de\/shop\/\"><strong>Klicken Sie hier<\/strong><\/a> f\u00fcr unsere Wahl von Kuksas in unserem <strong>Webshop<\/strong> !<\/p>\n\n\n\n<div style=\"height:50px\" aria-hidden=\"true\" class=\"wp-block-spacer\"><\/div>\n\n\n\n<p class=\"wp-block-paragraph\" id=\"block-0aeee241-dcfb-4703-a94e-f15266053b70\"><strong>Reinigungshinweise:<\/strong> Sp\u00fclen Sie Ihre Kuksa mit klarem Wasser (oder ein paar Tropfen Sp\u00fclmittel) ab und trocknen Sie sie nach Gebrauch mit einem sauberen Tuch ab.  <strong>Achtung:<\/strong> nicht in der Sp\u00fclmaschine reinigen!<\/p>\n\n\n\n<div style=\"height:50px\" aria-hidden=\"true\" class=\"wp-block-spacer\"><\/div>\n\n\n\n<p class=\"wp-block-paragraph\"><strong>Wartungshinweise<\/strong>: Da es sich bei einer Kuksa um ein Naturholzprodukt handelt, bedarf es von Zeit zu Zeit etwas liebevoller Pflege, um seine Sch\u00f6nheit zu bewahren. <\/p>\n\n\n\n<p class=\"wp-block-paragraph\">Gehen Sie dazu wie folgt vor: Geben Sie ein paar Tropfen Lein\u00f6l (im Lieferumfang enthalten) auf die Kuksa und verteilen Sie das \u00d6l mit einem weichen Tuch \u00fcber die gesamte Tasse. Lassen Sie das Holz etwa eine Stunde lang das \u00d6l aufnehmen und wischen Sie danach \u00fcbersch\u00fcssiges \u00d6l ab. Zu Beginn wird noch ein schwacher Lein\u00f6lgeruch wahrnehmbar sein, der jedoch nach kurzer Zeit verschwindet.<\/p>\n\n\n\n<div style=\"height:50px\" aria-hidden=\"true\" class=\"wp-block-spacer\"><\/div>","protected":false},"excerpt":{"rendered":"<p>Kuksa ist ein Trinkbecher aus Birkenmaserholz, wodurch jeder Becher eine einzigartige Maserung aufweist. Traditionell werden sie von den Samen Nordskandinaviens hergestellt. Auf Samisch hei\u00dfen sie Guksi, auf Finnisch Kuksa und auf Schwedisch K\u00e5sa. Ein Kuksa ist nicht nur einzigartig und wundersch\u00f6n, \u2026 <\/p>\n<p class=\"link-more\"><a href=\"https:\/\/dollstein.ch\/de\/kuksa\/\" class=\"more-link\"><span class=\"screen-reader-text\">\u201cKuksa\u201d<\/span> weiterlesen<\/a><\/p>","protected":false},"author":1,"featured_media":0,"parent":0,"menu_order":0,"comment_status":"closed","ping_status":"closed","template":"","meta":{"_crdt_document":"","footnotes":""},"class_list":["post-113","page","type-page","status-publish","hentry"],"_links":{"self":[{"href":"https:\/\/dollstein.ch\/de\/wp-json\/wp\/v2\/pages\/113","targetHints":{"allow":["GET"]}}],"collection":[{"href":"https:\/\/dollstein.ch\/de\/wp-json\/wp\/v2\/pages"}],"about":[{"href":"https:\/\/dollstein.ch\/de\/wp-json\/wp\/v2\/types\/page"}],"author":[{"embeddable":true,"href":"https:\/\/dollstein.ch\/de\/wp-json\/wp\/v2\/users\/1"}],"replies":[{"embeddable":true,"href":"https:\/\/dollstein.ch\/de\/wp-json\/wp\/v2\/comments?post=113"}],"version-history":[{"count":23,"href":"https:\/\/dollstein.ch\/de\/wp-json\/wp\/v2\/pages\/113\/revisions"}],"predecessor-version":[{"id":325,"href":"https:\/\/dollstein.ch\/de\/wp-json\/wp\/v2\/pages\/113\/revisions\/325"}],"wp:attachment":[{"href":"https:\/\/dollstein.ch\/de\/wp-json\/wp\/v2\/media?parent=113"}],"curies":[{"name":"wp","href":"https:\/\/api.w.org\/{rel}","templated":true}]}}